{"id":7488,"date":"2025-12-20T13:25:52","date_gmt":"2025-12-20T10:25:52","guid":{"rendered":"https:\/\/sonotek.com.tr\/?page_id=7488"},"modified":"2026-01-17T01:14:50","modified_gmt":"2026-01-16T22:14:50","slug":"our-policies","status":"publish","type":"page","link":"https:\/\/sonotek.com.tr\/en\/our-policies\/","title":{"rendered":"Our Policies"},"content":{"rendered":"<div data-elementor-type=\"wp-page\" data-elementor-id=\"7488\" class=\"elementor elementor-7488\" data-elementor-post-type=\"page\">\n\t\t\t\t        <section class=\"elementor-section elementor-top-section elementor-element elementor-element-cad498f elementor-section-stretched elementor-section-boxed elementor-section-height-default elementor-section-height-default pxl-row-scroll-none pxl-zoom-point-false pxl-section-overflow-visible pxl-section-fix-none pxl-bg-color-none pxl-section-overlay-none\" data-id=\"cad498f\" data-element_type=\"section\" data-settings=\"{&quot;stretch_section&quot;:&quot;section-stretched&quot;,&quot;background_background&quot;:&quot;classic&quot;}\">\n\n                \n                <div class=\"elementor-container elementor-column-gap-extended\">\n                <div class=\"elementor-column elementor-col-50 elementor-top-column elementor-element elementor-element-377b0d7 pxl-column-none pxl-column-overflow-hidden-no\" data-id=\"377b0d7\" data-element_type=\"column\">\r\n        <div class=\"elementor-widget-wrap elementor-element-populated\">\r\n                     \r\n        \t\t<div class=\"elementor-element elementor-element-3a78638 elementor-widget__width-auto elementor-widget elementor-widget-pxl_image\" data-id=\"3a78638\" data-element_type=\"widget\" data-widget_type=\"pxl_image.default\">\n\t\t\t\t<div class=\"elementor-widget-container\">\n\t\t\t\t\t<div id=\"pxl_image-3a78638-4394\" class=\"pxl-image-single pxl-disable-parallax-sm   style-1  wow skewIn\" data-wow-delay=\"ms\"  >\r\n    <div class=\"pxl-item--inner\" data-wow-delay=\"120ms\">\r\n                \r\n                                <div class=\"pxl-item--image\" data-parallax-value=\"\">\r\n                                                    <img fetchpriority=\"high\" decoding=\"async\" width=\"2560\" height=\"1396\" src=\"https:\/\/sonotek.com.tr\/wp-content\/uploads\/2025\/12\/BG8-scaled.webp\" class=\"no-lazyload attachment-full\" alt=\"\" \/>                                                                    <\/div>\r\n                                <\/div>\r\n<\/div>\t\t\t\t<\/div>\n\t\t\t\t<\/div>\n\t\t            <\/div>\r\n        <\/div>\r\n                <div class=\"elementor-column elementor-col-50 elementor-top-column elementor-element elementor-element-b22b7f7 pxl-column-none pxl-column-overflow-hidden-no\" data-id=\"b22b7f7\" data-element_type=\"column\">\r\n        <div class=\"elementor-widget-wrap elementor-element-populated\">\r\n                     \r\n        \t\t<div class=\"elementor-element elementor-element-754755f elementor-widget__width-auto elementor-widget-mobile__width-inherit elementor-widget elementor-widget-pxl_image\" data-id=\"754755f\" data-element_type=\"widget\" data-widget_type=\"pxl_image.default\">\n\t\t\t\t<div class=\"elementor-widget-container\">\n\t\t\t\t\t<div id=\"pxl_image-754755f-8520\" class=\"pxl-image-single pxl-disable-parallax-sm   style-1  wow skewInRight\" data-wow-delay=\"ms\"  >\r\n    <div class=\"pxl-item--inner\" data-wow-delay=\"120ms\">\r\n                \r\n                                <div class=\"pxl-item--image\" data-parallax-value=\"\">\r\n                                                    <img decoding=\"async\" class=\"no-lazyload\" src=\"https:\/\/sonotek.com.tr\/wp-content\/uploads\/2025\/12\/BG7-480x440.webp\" width=\"480\" height=\"440\" alt=\"BG7\" title=\"BG7\" \/>                                                                    <\/div>\r\n                                <\/div>\r\n<\/div>\t\t\t\t<\/div>\n\t\t\t\t<\/div>\n\t\t            <\/div>\r\n        <\/div>\r\n        \t\t\t<\/div>\n\t\t<\/section>\n\t\t        <section class=\"elementor-section elementor-top-section elementor-element elementor-element-636991a elementor-section-stretched pxl-row-scroll-fixed elementor-section-boxed elementor-section-height-default elementor-section-height-default pxl-zoom-point-false pxl-section-overflow-visible pxl-section-fix-none pxl-bg-color-none pxl-section-overlay-none\" data-id=\"636991a\" data-element_type=\"section\" data-settings=\"{&quot;stretch_section&quot;:&quot;section-stretched&quot;}\">\n\n                \n                <div class=\"elementor-container elementor-column-gap-extended\">\n                <div class=\"elementor-column elementor-col-100 elementor-top-column elementor-element elementor-element-0579cd0 pxl-column-none pxl-column-overflow-hidden-no\" data-id=\"0579cd0\" data-element_type=\"column\">\r\n        <div class=\"elementor-widget-wrap elementor-element-populated\">\r\n                     \r\n        \t\t<div class=\"elementor-element elementor-element-66f5dc0 elementor-widget__width-auto elementor-widget elementor-widget-heading\" data-id=\"66f5dc0\" data-element_type=\"widget\" data-widget_type=\"heading.default\">\n\t\t\t\t\t<h1 class=\"elementor-heading-title elementor-size-default\">Sonotek Information Technology Policies<\/h1>\t\t\t\t<\/div>\n\t\t\t\t<div class=\"elementor-element elementor-element-8f973a6 elementor-widget elementor-widget-text-editor\" data-id=\"8f973a6\" data-element_type=\"widget\" data-widget_type=\"text-editor.default\">\n\t\t\t\t\t\t\t\t\t<p>As Sonotek Information Technologies; we position information security, personal data protection, service quality and customer satisfaction at the centre of all our business processes. In the services we offer to our customers, we adopt a transparent and sustainable management approach that complies with national and international standards.<\/p><p>With the policies and practices we have established in this context; we are committed to ensuring the security of information assets, protecting personal data in accordance with the legislation, continuously improving our service quality and maximising customer experience. The shared policies clearly and understandably set out our responsibilities towards our customers and our working principles.<\/p>\t\t\t\t\t\t\t\t<\/div>\n\t\t            <\/div>\r\n        <\/div>\r\n        \t\t\t<\/div>\n\t\t<\/section>\n\t\t        <section class=\"elementor-section elementor-top-section elementor-element elementor-element-4764b23 elementor-section-stretched elementor-section-boxed elementor-section-height-default elementor-section-height-default pxl-row-scroll-none pxl-zoom-point-false pxl-section-overflow-visible pxl-section-fix-none pxl-bg-color-none pxl-section-overlay-none\" data-id=\"4764b23\" data-element_type=\"section\" data-settings=\"{&quot;stretch_section&quot;:&quot;section-stretched&quot;}\">\n\n                \n                <div class=\"elementor-container elementor-column-gap-extended\">\n                <div class=\"elementor-column elementor-col-100 elementor-top-column elementor-element elementor-element-aecf1f1 pxl-column-none pxl-column-overflow-hidden-no\" data-id=\"aecf1f1\" data-element_type=\"column\">\r\n        <div class=\"elementor-widget-wrap elementor-element-populated\">\r\n                     \r\n        \t\t<div class=\"elementor-element elementor-element-143183e pxl-item-sticky elementor-widget__width-auto elementor-hidden-mobile elementor-widget elementor-widget-pxl_scroll_section\" data-id=\"143183e\" data-element_type=\"widget\" data-widget_type=\"pxl_scroll_section.default\">\n\t\t\t\t<div class=\"elementor-widget-container\">\n\t\t\t\t\t<div class=\"pxl-scroll-sections style-1\">\r\n            <ul class=\"pxl-list-sections\">\r\n                                <li class=\"pxl-item--link\">\r\n                        <a class=\"is-one-page\" data-onepage-offset=\"300\" href=\"#bilgi\">\r\n                            <i aria-hidden=\"true\" class=\"far fa-info\"><\/i>                            <span>Information Security Policy<\/span>\r\n                        <\/a>\r\n                    <\/li>\r\n                                <li class=\"pxl-item--link\">\r\n                        <a class=\"is-one-page\" data-onepage-offset=\"300\" href=\"#kvkk\">\r\n                            <i aria-hidden=\"true\" class=\"fas fa-user-shield\"><\/i>                            <span>KVKK <\/span>\r\n                        <\/a>\r\n                    <\/li>\r\n                                <li class=\"pxl-item--link\">\r\n                        <a class=\"is-one-page\" data-onepage-offset=\"300\" href=\"#kalite\">\r\n                            <i aria-hidden=\"true\" class=\"fas fa-sort-amount-up-alt\"><\/i>                            <span>Quality Policy<\/span>\r\n                        <\/a>\r\n                    <\/li>\r\n                                <li class=\"pxl-item--link\">\r\n                        <a class=\"is-one-page\" data-onepage-offset=\"300\" href=\"#musteri\">\r\n                            <i aria-hidden=\"true\" class=\"fal fa-user-headset\"><\/i>                            <span>Customer Service Policy<\/span>\r\n                        <\/a>\r\n                    <\/li>\r\n                    <\/ul>\r\n    <\/div>\t\t\t\t<\/div>\n\t\t\t\t<\/div>\n\t\t        <section class=\"elementor-section elementor-inner-section elementor-element elementor-element-fffaf7a elementor-section-boxed elementor-section-height-default elementor-section-height-default pxl-row-scroll-none pxl-zoom-point-false pxl-section-overflow-visible pxl-section-fix-none pxl-bg-color-none pxl-section-overlay-none\" data-id=\"fffaf7a\" data-element_type=\"section\" id=\"bilgi\">\n\n                \n                <div class=\"elementor-container elementor-column-gap-no\">\n                <div class=\"elementor-column elementor-col-100 elementor-inner-column elementor-element elementor-element-d66c8a3 pxl-column-none pxl-column-overflow-hidden-no\" data-id=\"d66c8a3\" data-element_type=\"column\">\r\n        <div class=\"elementor-widget-wrap elementor-element-populated\">\r\n                     \r\n        \t\t<div class=\"elementor-element elementor-element-41672ea elementor-widget elementor-widget-heading\" data-id=\"41672ea\" data-element_type=\"widget\" data-widget_type=\"heading.default\">\n\t\t\t\t\t<h2 class=\"elementor-heading-title elementor-size-default\">Information Security Policy<\/h2>\t\t\t\t<\/div>\n\t\t\t\t<div class=\"elementor-element elementor-element-a6de81a elementor-widget elementor-widget-heading\" data-id=\"a6de81a\" data-element_type=\"widget\" data-widget_type=\"heading.default\">\n\t\t\t\t\t<h3 class=\"elementor-heading-title elementor-size-default\">Purpose and Scope<\/h3>\t\t\t\t<\/div>\n\t\t\t\t<div class=\"elementor-element elementor-element-03de477 elementor-widget elementor-widget-text-editor\" data-id=\"03de477\" data-element_type=\"widget\" data-widget_type=\"text-editor.default\">\n\t\t\t\t\t\t\t\t\t<p>Sonotek Information Technologies' information security policy has been established to ensure the security of business processes and customer information, to protect information assets and to ensure full compliance with information security standards.<\/p><p>This policy covers all departments, employees and business partners and protects all information assets including customer information, business processes and technological infrastructure.<\/p>\t\t\t\t\t\t\t\t<\/div>\n\t\t\t\t<div class=\"elementor-element elementor-element-29c29ab elementor-widget elementor-widget-text-editor\" data-id=\"29c29ab\" data-element_type=\"widget\" data-widget_type=\"text-editor.default\">\n\t\t\t\t\t\t\t\t\t<p><strong>Compliance with Information Security Standards<\/strong><\/p><ul><li>Full compliance with information security standards in the MSP sector<\/li><li>Compliance with national and international regulations<\/li><\/ul><p><strong>Customer Information Security<\/strong><\/p><ul><li>Protecting the confidentiality and security of customer information<\/li><li>Sharing information only with authorised persons<\/li><li>Regular updating of access controls<\/li><\/ul><p><strong>Employee Training and Awareness<\/strong><\/p><ul><li>Regular trainings on information security<\/li><li>Programmes to raise security awareness<\/li><\/ul><p><strong>Management of Information Assets<\/strong><\/p><ul><li>Identification and categorisation of all information assets<\/li><li>Careful protection of sensitive customer information<\/li><li>Implementation of risk-based protection strategies<\/li><\/ul><p><strong>Access Controls<\/strong><\/p><ul><li>Access only for authorised personnel<\/li><li>Periodic review of access levels<\/li><\/ul><p><strong>Encryption and Secure Communication<\/strong><\/p><ul><li>AES-256 and TLS 1.2\/1.3 encryption protocols<\/li><li>Security measures in data transmission and storage<\/li><\/ul><p><strong>Incident Management<\/strong><\/p><ul><li>Incident management process for information security breaches<\/li><li>Rapid detection, notification and response plans<\/li><\/ul><p><strong>Physical Security<\/strong><\/p><ul><li>Office and data centre security measures<\/li><li>Access control systems and monitoring mechanisms<\/li><\/ul>\t\t\t\t\t\t\t\t<\/div>\n\t\t            <\/div>\r\n        <\/div>\r\n        \t\t\t<\/div>\n\t\t<\/section>\n\t\t        <section class=\"elementor-section elementor-inner-section elementor-element elementor-element-fdc8fb0 elementor-section-boxed elementor-section-height-default elementor-section-height-default pxl-row-scroll-none pxl-zoom-point-false pxl-section-overflow-visible pxl-section-fix-none pxl-bg-color-none pxl-section-overlay-none\" data-id=\"fdc8fb0\" data-element_type=\"section\" id=\"kvkk\">\n\n                \n                <div class=\"elementor-container elementor-column-gap-no\">\n                <div class=\"elementor-column elementor-col-100 elementor-inner-column elementor-element elementor-element-826a1e4 pxl-column-none pxl-column-overflow-hidden-no\" data-id=\"826a1e4\" data-element_type=\"column\">\r\n        <div class=\"elementor-widget-wrap elementor-element-populated\">\r\n                     \r\n        \t\t<div class=\"elementor-element elementor-element-bc4be54 elementor-widget elementor-widget-heading\" data-id=\"bc4be54\" data-element_type=\"widget\" data-widget_type=\"heading.default\">\n\t\t\t\t\t<h2 class=\"elementor-heading-title elementor-size-default\">KVKK (Personal Data Protection Law) Policy<\/h2>\t\t\t\t<\/div>\n\t\t\t\t<div class=\"elementor-element elementor-element-444ecac elementor-widget elementor-widget-heading\" data-id=\"444ecac\" data-element_type=\"widget\" data-widget_type=\"heading.default\">\n\t\t\t\t\t<h3 class=\"elementor-heading-title elementor-size-default\">Purpose and Scope<\/h3>\t\t\t\t<\/div>\n\t\t\t\t<div class=\"elementor-element elementor-element-9095259 elementor-widget elementor-widget-text-editor\" data-id=\"9095259\" data-element_type=\"widget\" data-widget_type=\"text-editor.default\">\n\t\t\t\t\t\t\t\t\t<p>To protect customer and employee personal data effectively, to ensure full compliance with KVKK and to ensure data security.<\/p>\t\t\t\t\t\t\t\t<\/div>\n\t\t\t\t<div class=\"elementor-element elementor-element-15169c5 elementor-widget elementor-widget-text-editor\" data-id=\"15169c5\" data-element_type=\"widget\" data-widget_type=\"text-editor.default\">\n\t\t\t\t\t\t\t\t\t<p><strong>Basic Principles<\/strong><\/p><p><strong>Personal Data Processing Conditions<\/strong><\/p><ul><li>Processing within the scope of explicit consent, contract or legal obligation<\/li><li>Data processing in accordance with the rules of public morality<\/li><li>Necessary procedures for the establishment, utilisation and protection of rights<\/li><\/ul><p><strong>Fair and Accountable Processing<\/strong><\/p><ul><li>Data processing for legitimate purposes<\/li><li>Transparent process management<\/li><li>Commitment to the principle of accountability<\/li><\/ul><p>\u00a0<\/p><p><strong>Data Security<\/strong><\/p><ul><li>Technical and organisational safety measures<\/li><li>Rapid detection and prevention of data security breaches<\/li><\/ul><p><strong>Related Person Rights<\/strong><\/p><ul><li>Right to information, rectification, erasure<\/li><li>Right to object to processing<\/li><li>Respect for all rights recognised under the LPPD<\/li><\/ul><p><strong>Data Breach Notification<\/strong><\/p><ul><li>Notification to relevant organisations within 72 hours<\/li><li>Regular review of breach results<\/li><\/ul>\t\t\t\t\t\t\t\t<\/div>\n\t\t            <\/div>\r\n        <\/div>\r\n        \t\t\t<\/div>\n\t\t<\/section>\n\t\t        <section class=\"elementor-section elementor-inner-section elementor-element elementor-element-750a3a0 elementor-section-boxed elementor-section-height-default elementor-section-height-default pxl-row-scroll-none pxl-zoom-point-false pxl-section-overflow-visible pxl-section-fix-none pxl-bg-color-none pxl-section-overlay-none\" data-id=\"750a3a0\" data-element_type=\"section\" id=\"kalite\">\n\n                \n                <div class=\"elementor-container elementor-column-gap-no\">\n                <div class=\"elementor-column elementor-col-100 elementor-inner-column elementor-element elementor-element-7497068 pxl-column-none pxl-column-overflow-hidden-no\" data-id=\"7497068\" data-element_type=\"column\">\r\n        <div class=\"elementor-widget-wrap elementor-element-populated\">\r\n                     \r\n        \t\t<div class=\"elementor-element elementor-element-232afa6 elementor-widget elementor-widget-heading\" data-id=\"232afa6\" data-element_type=\"widget\" data-widget_type=\"heading.default\">\n\t\t\t\t\t<h2 class=\"elementor-heading-title elementor-size-default\">Quality Policy<\/h2>\t\t\t\t<\/div>\n\t\t\t\t<div class=\"elementor-element elementor-element-6d3cea7 elementor-widget elementor-widget-heading\" data-id=\"6d3cea7\" data-element_type=\"widget\" data-widget_type=\"heading.default\">\n\t\t\t\t\t<h3 class=\"elementor-heading-title elementor-size-default\">Purpose and Scope<\/h3>\t\t\t\t<\/div>\n\t\t\t\t<div class=\"elementor-element elementor-element-948d1bb elementor-widget elementor-widget-text-editor\" data-id=\"948d1bb\" data-element_type=\"widget\" data-widget_type=\"text-editor.default\">\n\t\t\t\t\t\t\t\t\t<p>To ensure customer satisfaction by providing high quality service, to adopt a culture of continuous improvement and to implement the best practices in the sector.<\/p>\t\t\t\t\t\t\t\t<\/div>\n\t\t\t\t<div class=\"elementor-element elementor-element-9fddf0c elementor-widget elementor-widget-text-editor\" data-id=\"9fddf0c\" data-element_type=\"widget\" data-widget_type=\"text-editor.default\">\n\t\t\t\t\t\t\t\t\t<p><strong>Basic Principles<\/strong><\/p><p><strong>Customer Satisfaction Orientation<\/strong><\/p><ul><li>Understanding and exceeding customer expectations<\/li><li>Continuous improvement based on feedback<\/li><li>Proactive service approach<\/li><\/ul><p><strong>High Service Quality<\/strong><\/p><ul><li>Compliance with industry standards and best practices<\/li><li>Full compliance with SLA (Service Level Agreements) commitments<\/li><\/ul><p><strong>Continuous Improvement<\/strong><\/p><ul><li>Regular review of business processes<\/li><li>Investment in staff training and development<\/li><li>Systematic evaluation of opportunities for improvement<\/li><\/ul><p><strong>Technological Innovation<\/strong><\/p><ul><li>Follow-up and application of new technologies<\/li><li>Innovation-oriented working environment<\/li><li>Presenting current solutions to customers<\/li><\/ul><p><strong>Teamwork and Human Resources<\/strong><\/p><ul><li>Promoting a culture of co-operation<\/li><li>Support for continuous development of staff<\/li><li>Evaluation of the contribution of each employee<\/li><\/ul><p><strong>Business Continuity and Security<\/strong><\/p><ul><li>Regular updating of business continuity plans<\/li><li>Continuous improvement of information security measures<\/li><\/ul>\t\t\t\t\t\t\t\t<\/div>\n\t\t            <\/div>\r\n        <\/div>\r\n        \t\t\t<\/div>\n\t\t<\/section>\n\t\t        <section class=\"elementor-section elementor-inner-section elementor-element elementor-element-f754dcf elementor-section-boxed elementor-section-height-default elementor-section-height-default pxl-row-scroll-none pxl-zoom-point-false pxl-section-overflow-visible pxl-section-fix-none pxl-bg-color-none pxl-section-overlay-none\" data-id=\"f754dcf\" data-element_type=\"section\" id=\"musteri\">\n\n                \n                <div class=\"elementor-container elementor-column-gap-no\">\n                <div class=\"elementor-column elementor-col-100 elementor-inner-column elementor-element elementor-element-a9109a9 pxl-column-none pxl-column-overflow-hidden-no\" data-id=\"a9109a9\" data-element_type=\"column\">\r\n        <div class=\"elementor-widget-wrap elementor-element-populated\">\r\n                     \r\n        \t\t<div class=\"elementor-element elementor-element-eea3fd6 elementor-widget elementor-widget-heading\" data-id=\"eea3fd6\" data-element_type=\"widget\" data-widget_type=\"heading.default\">\n\t\t\t\t\t<h2 class=\"elementor-heading-title elementor-size-default\">Customer Service Policy<\/h2>\t\t\t\t<\/div>\n\t\t\t\t<div class=\"elementor-element elementor-element-93f161a elementor-widget elementor-widget-heading\" data-id=\"93f161a\" data-element_type=\"widget\" data-widget_type=\"heading.default\">\n\t\t\t\t\t<h3 class=\"elementor-heading-title elementor-size-default\">Purpose and Scope<\/h3>\t\t\t\t<\/div>\n\t\t\t\t<div class=\"elementor-element elementor-element-00876ef elementor-widget elementor-widget-text-editor\" data-id=\"00876ef\" data-element_type=\"widget\" data-widget_type=\"text-editor.default\">\n\t\t\t\t\t\t\t\t\t<p>To increase customer satisfaction, ensure effective communication and promote transparency in customer service.<\/p>\t\t\t\t\t\t\t\t<\/div>\n\t\t\t\t<div class=\"elementor-element elementor-element-5898af2 elementor-widget elementor-widget-text-editor\" data-id=\"5898af2\" data-element_type=\"widget\" data-widget_type=\"text-editor.default\">\n\t\t\t\t\t\t\t\t\t<p><strong>Principles and Practices<\/strong><\/p><p><strong>Fast and Effective Response<\/strong><\/p><ul><li>Minimising the first contact time<\/li><li>Solution orientated approach<\/li><li>24\/7 support accessibility<\/li><\/ul><p><strong>Professionalism and Courtesy<\/strong><\/p><ul><li>Use of professional language in all communications<\/li><li>Compliance with the rules of respect and courtesy<\/li><\/ul><p><strong>Transparency<\/strong><\/p><ul><li>Clear and concise information about services<\/li><li>Transparency in pricing and contract terms<\/li><\/ul><p><strong>Proactive Service Approach<\/strong><\/p><ul><li>Pre-detection of potential problems<\/li><li>Preventive maintenance and monitoring services<\/li><\/ul><p><strong>Customer Training<\/strong><\/p><ul><li>Regular trainings on the services provided<\/li><li>Documentation and sourcing<\/li><\/ul><p><strong>Feedback Management<\/strong><\/p><ul><li>Systematic collection of customer feedback<\/li><li>Improvement plans based on feedback<\/li><li>Continuous improvement of customer experience<\/li><\/ul>\t\t\t\t\t\t\t\t<\/div>\n\t\t            <\/div>\r\n        <\/div>\r\n        \t\t\t<\/div>\n\t\t<\/section>\n\t\t            <\/div>\r\n        <\/div>\r\n        \t\t\t<\/div>\n\t\t<\/section>\n\t\t\t\t<\/div>","protected":false},"excerpt":{"rendered":"<p>Sonotek Bilgi Teknolojileri Politikalar\u0131 Sonotek Bilgi Teknolojileri olarak; bilgi g\u00fcvenli\u011fi, ki\u015fisel verilerin korunmas\u0131, hizmet kalitesi ve m\u00fc\u015fteri memnuniyetini t\u00fcm i\u015f s\u00fcre\u00e7lerimizin merkezinde konumland\u0131r\u0131yoruz. M\u00fc\u015fterilerimize sundu\u011fumuz hizmetlerde, ulusal ve uluslararas\u0131 standartlara uyumlu, \u015feffaf ve s\u00fcrd\u00fcr\u00fclebilir bir y\u00f6netim anlay\u0131\u015f\u0131 benimsiyoruz. Bu kapsamda olu\u015fturdu\u011fumuz politika ve uygulamalarla; bilgi varl\u0131klar\u0131n\u0131n g\u00fcvenli\u011fini sa\u011flamay\u0131, ki\u015fisel verileri mevzuata uygun \u015fekilde korumay\u0131, hizmet [&hellip;]<\/p>","protected":false},"author":1,"featured_media":0,"parent":0,"menu_order":0,"comment_status":"closed","ping_status":"closed","template":"","meta":{"footnotes":""},"class_list":["post-7488","page","type-page","status-publish","hentry"],"_links":{"self":[{"href":"https:\/\/sonotek.com.tr\/en\/wp-json\/wp\/v2\/pages\/7488","targetHints":{"allow":["GET"]}}],"collection":[{"href":"https:\/\/sonotek.com.tr\/en\/wp-json\/wp\/v2\/pages"}],"about":[{"href":"https:\/\/sonotek.com.tr\/en\/wp-json\/wp\/v2\/types\/page"}],"author":[{"embeddable":true,"href":"https:\/\/sonotek.com.tr\/en\/wp-json\/wp\/v2\/users\/1"}],"replies":[{"embeddable":true,"href":"https:\/\/sonotek.com.tr\/en\/wp-json\/wp\/v2\/comments?post=7488"}],"version-history":[{"count":85,"href":"https:\/\/sonotek.com.tr\/en\/wp-json\/wp\/v2\/pages\/7488\/revisions"}],"predecessor-version":[{"id":9120,"href":"https:\/\/sonotek.com.tr\/en\/wp-json\/wp\/v2\/pages\/7488\/revisions\/9120"}],"wp:attachment":[{"href":"https:\/\/sonotek.com.tr\/en\/wp-json\/wp\/v2\/media?parent=7488"}],"curies":[{"name":"wp","href":"https:\/\/api.w.org\/{rel}","templated":true}]}}